{"id":155,"date":"2020-12-14T15:51:46","date_gmt":"2020-12-14T15:51:46","guid":{"rendered":"https:\/\/jenskemle.de\/?page_id=155"},"modified":"2021-01-18T11:43:00","modified_gmt":"2021-01-18T11:43:00","slug":"werte","status":"publish","type":"page","link":"https:\/\/jenskemle.de\/?page_id=155","title":{"rendered":"Werte"},"content":{"rendered":"<div data-colibri-id=\"155-c1\" class=\"style-350 style-local-155-c1 position-relative\">\n  <!---->\n  <div data-colibri-component=\"section\" data-colibri-id=\"155-c2\" id=\"custom\" class=\"h-section h-section-global-spacing d-flex align-items-lg-center align-items-md-center align-items-center style-351 style-local-155-c2 position-relative\">\n    <!---->\n    <!---->\n    <div class=\"h-section-grid-container h-section-boxed-container\">\n      <!---->\n      <div data-colibri-id=\"155-c3\" class=\"h-row-container gutters-row-lg-2 gutters-row-md-2 gutters-row-0 gutters-row-v-lg-2 gutters-row-v-md-2 gutters-row-v-2 style-580 style-local-155-c3 position-relative\">\n        <!---->\n        <div class=\"h-row justify-content-lg-center justify-content-md-center justify-content-center align-items-lg-stretch align-items-md-stretch align-items-stretch gutters-col-lg-2 gutters-col-md-2 gutters-col-0 gutters-col-v-lg-2 gutters-col-v-md-2 gutters-col-v-2\">\n          <!---->\n          <div class=\"h-column h-column-container d-flex h-col-lg-auto h-col-md-auto h-col-auto style-581-outer style-local-155-c4-outer\">\n            <div data-colibri-id=\"155-c4\" class=\"d-flex h-flex-basis h-column__inner h-px-lg-2 h-px-md-2 h-px-2 v-inner-lg-2 v-inner-md-2 v-inner-2 style-581 style-local-155-c4 position-relative\">\n              <!---->\n              <!---->\n              <div class=\"w-100 h-y-container h-column__content h-column__v-align flex-basis-100 align-self-lg-start align-self-md-start align-self-start\">\n                <!---->\n                <div data-colibri-id=\"155-c5\" class=\"h-global-transition-all h-heading style-583 style-local-155-c5 position-relative h-element\">\n                  <!---->\n                  <div class=\"h-heading__outer style-583 style-local-155-c5\">\n                    <!---->\n                    <!---->\n                    <h4 class=\"\">JKE: journalistisch, kritisch, engagiert<\/h4>\n                  <\/div>\n                <\/div>\n              <\/div>\n            <\/div>\n          <\/div>\n        <\/div>\n      <\/div>\n      <div data-colibri-id=\"155-c6\" class=\"h-row-container gutters-row-lg-2 gutters-row-md-2 gutters-row-0 gutters-row-v-lg-2 gutters-row-v-md-2 gutters-row-v-2 style-352 style-local-155-c6 position-relative\">\n        <!---->\n        <div class=\"h-row justify-content-lg-center justify-content-md-center justify-content-center align-items-lg-stretch align-items-md-stretch align-items-stretch gutters-col-lg-2 gutters-col-md-2 gutters-col-0 gutters-col-v-lg-2 gutters-col-v-md-2 gutters-col-v-2\">\n          <!---->\n          <div class=\"h-column h-column-container d-flex h-col-lg-auto h-col-md-auto h-col-auto style-353-outer style-local-155-c7-outer\">\n            <div data-colibri-id=\"155-c7\" class=\"d-flex h-flex-basis h-column__inner h-px-lg-2 h-px-md-2 h-px-2 v-inner-lg-2 v-inner-md-2 v-inner-2 style-353 style-local-155-c7 position-relative\">\n              <!---->\n              <!---->\n              <div class=\"w-100 h-y-container h-column__content h-column__v-align flex-basis-100 align-self-lg-start align-self-md-start align-self-start\">\n                <!---->\n                <div data-colibri-id=\"155-c8\" class=\"h-text h-text-component style-354 style-local-155-c8 position-relative h-element\">\n                  <!---->\n                  <!---->\n                  <div class=\"\">\n                    <p>Als ich Ende der neunziger Jahre begann, f\u00fcr Zeitungen zu schreiben, war mein K\u00fcrzel \u201ejke\u201c nur eine Abk\u00fcrzung f\u00fcr meinen Namen. Mittlerweile stehen die drei Buchstaben auch f\u00fcr meine grunds\u00e4tzliche Arbeitsweise:<\/p>\n                    <p><strong>J<\/strong>ournalistisch \u2013 Ich distanziere mich von PR und Marketing und versichere, dass hinter meinen Texten keine bezahlten Kunden oder Interessenverb\u00e4nde stehen.<\/p>\n                    <p><strong>K<\/strong>ritisch \u2013 Ich bin objektiv, unabh\u00e4ngig und neutral. Mein Ziel ist es, auf hohem Niveau zu informieren, zur Meinungsbildung beizutragen sowie auf Missst\u00e4nde hinzuweisen. <span style=\"font-size: 10.5pt; font-family: &quot;Open Sans&quot;, serif; color: rgb(70, 112, 127);\">F\u00fcr Letzteres arbeite ich notfalls auch gegen Widerst\u00e4nde.<\/span><\/p>\n                    <p><strong>E<\/strong>ngagiert \u2013 <span style=\"color: rgb(70, 112, 127); font-family: &quot;Open Sans&quot;, serif; font-size: 10.5pt;\">Ich schreibe gern \u00fcber Themen, die nicht nur von hoher Relevanz sind, sondern auch von hoher Exklusivit\u00e4t und damit Expressivit\u00e4t. Durch Recherchen vor Ort und in direktem Austausch entsteht Authentizit\u00e4t.<\/span>\n                      <span\n                        style=\"color: rgb(70, 112, 127); font-family: &quot;Open Sans&quot;, serif; font-size: 14px; font-weight: 400;\">&nbsp;<\/span>\n                    <\/p>\n                  <\/div>\n                <\/div>\n              <\/div>\n            <\/div>\n          <\/div>\n        <\/div>\n      <\/div>\n    <\/div>\n  <\/div>\n<\/div>","protected":false},"excerpt":{"rendered":"<p>JKE: journalistisch, kritisch, engagiert Als ich Ende der neunziger Jahre begann, f\u00fcr Zeitungen zu schreiben, war mein K\u00fcrzel \u201ejke\u201c nur eine Abk\u00fcrzung f\u00fcr meinen Namen. Mittlerweile stehen die drei Buchstaben auch f\u00fcr meine grunds\u00e4tzliche Arbeitsweise: Journalistisch \u2013 Ich distanziere mich von PR und Marketing und versichere, dass hinter meinen Texten keine bezahlten Kunden oder Interessenverb\u00e4nde [&hellip;]<\/p>\n","protected":false},"author":1,"featured_media":0,"parent":0,"menu_order":0,"comment_status":"closed","ping_status":"closed","template":"page-templates\/full-width-page.php","meta":[],"_links":{"self":[{"href":"https:\/\/jenskemle.de\/index.php?rest_route=\/wp\/v2\/pages\/155"}],"collection":[{"href":"https:\/\/jenskemle.de\/index.php?rest_route=\/wp\/v2\/pages"}],"about":[{"href":"https:\/\/jenskemle.de\/index.php?rest_route=\/wp\/v2\/types\/page"}],"author":[{"embeddable":true,"href":"https:\/\/jenskemle.de\/index.php?rest_route=\/wp\/v2\/users\/1"}],"replies":[{"embeddable":true,"href":"https:\/\/jenskemle.de\/index.php?rest_route=%2Fwp%2Fv2%2Fcomments&post=155"}],"version-history":[{"count":10,"href":"https:\/\/jenskemle.de\/index.php?rest_route=\/wp\/v2\/pages\/155\/revisions"}],"predecessor-version":[{"id":2638,"href":"https:\/\/jenskemle.de\/index.php?rest_route=\/wp\/v2\/pages\/155\/revisions\/2638"}],"wp:attachment":[{"href":"https:\/\/jenskemle.de\/index.php?rest_route=%2Fwp%2Fv2%2Fmedia&parent=155"}],"curies":[{"name":"wp","href":"https:\/\/api.w.org\/{rel}","templated":true}]}}